{"id":2050,"date":"2023-01-31T17:53:50","date_gmt":"2023-01-31T16:53:50","guid":{"rendered":"https:\/\/www.lamaison-origami.fr\/?page_id=2050"},"modified":"2023-01-31T18:20:50","modified_gmt":"2023-01-31T17:20:50","slug":"eclairage-cuisine","status":"publish","type":"page","link":"https:\/\/www.lamaison-origami.fr\/index.php\/eclairage-cuisine\/","title":{"rendered":"Eclairage cuisine"},"content":{"rendered":"<div class=\"fusion-fullwidth fullwidth-box fusion-builder-row-1 fusion-flex-container nonhundred-percent-fullwidth non-hundred-percent-height-scrolling\" style=\"background-color: rgba(255,255,255,0);background-position: center center;background-repeat: no-repeat;border-width: 0px 0px 0px 0px;border-color:var(--awb-color2);border-style:solid;\" ><div class=\"fusion-builder-row fusion-row fusion-flex-align-items-flex-start\" style=\"max-width:1216.8px;margin-left: calc(-4% \/ 2 );margin-right: calc(-4% \/ 2 );\"><div class=\"fusion-layout-column fusion_builder_column fusion-builder-column-0 fusion_builder_column_1_1 1_1 fusion-flex-column\"><div class=\"fusion-column-wrapper fusion-flex-justify-content-flex-start fusion-content-layout-column\" style=\"background-position:left top;background-repeat:no-repeat;-webkit-background-size:cover;-moz-background-size:cover;-o-background-size:cover;background-size:cover;padding: 0px 0px 0px 0px;\"><div ><span class=\" fusion-imageframe imageframe-none imageframe-1 hover-type-none\"><img decoding=\"async\" width=\"1680\" height=\"800\" title=\"eclairage-cuisine\" src=\"https:\/\/www.lamaison-origami.fr\/wp-content\/uploads\/2023\/01\/eclairage-cuisine.jpg\" data-orig-src=\"http:\/\/www.lamaison-origami.fr\/wp-content\/uploads\/2023\/01\/eclairage-cuisine.jpg\" alt class=\"lazyload img-responsive wp-image-2046\" srcset=\"data:image\/svg+xml,%3Csvg%20xmlns%3D%27http%3A%2F%2Fwww.w3.org%2F2000%2Fsvg%27%20width%3D%271680%27%20height%3D%27800%27%20viewBox%3D%270%200%201680%20800%27%3E%3Crect%20width%3D%271680%27%20height%3D%27800%27%20fill-opacity%3D%220%22%2F%3E%3C%2Fsvg%3E\" data-srcset=\"https:\/\/www.lamaison-origami.fr\/wp-content\/uploads\/2023\/01\/eclairage-cuisine-200x95.jpg 200w, https:\/\/www.lamaison-origami.fr\/wp-content\/uploads\/2023\/01\/eclairage-cuisine-400x190.jpg 400w, https:\/\/www.lamaison-origami.fr\/wp-content\/uploads\/2023\/01\/eclairage-cuisine-600x286.jpg 600w, https:\/\/www.lamaison-origami.fr\/wp-content\/uploads\/2023\/01\/eclairage-cuisine-800x381.jpg 800w, https:\/\/www.lamaison-origami.fr\/wp-content\/uploads\/2023\/01\/eclairage-cuisine-1200x571.jpg 1200w, https:\/\/www.lamaison-origami.fr\/wp-content\/uploads\/2023\/01\/eclairage-cuisine.jpg 1680w\" data-sizes=\"auto\" data-orig-sizes=\"(max-width: 1024px) 100vw, (max-width: 640px) 100vw, 1200px\" \/><\/span><\/div><style type=\"text\/css\">@media only screen and (max-width:1024px) {.fusion-title.fusion-title-1{margin-top:0px!important; margin-right:0px!important;margin-bottom:20px!important;margin-left:0px!important;}}@media only screen and (max-width:640px) {.fusion-title.fusion-title-1{margin-top:0px!important; margin-right:0px!important;margin-bottom:20px!important; margin-left:0px!important;}}<\/style><div class=\"fusion-title title fusion-title-1 fusion-sep-none fusion-title-text fusion-title-size-one\" style=\"margin-top:0px;margin-right:0px;margin-bottom:20px;margin-left:0px;\"><h1 class=\"title-heading-left fusion-responsive-typography-calculated\" style=\"margin:0;text-transform:capitalize;--fontSize:60;line-height:var(--awb-typography1-line-height);\"><h2>Un bon \u00e9clairage cuisine<\/h2><\/h1><\/div><div class=\"fusion-text fusion-text-1\"><p><strong>1- Les types d&rsquo;\u00e9clairages\u00a0<\/strong><br \/>\nLa lumi\u00e8re en cuisine a une double fonction : fonctionnelle et d\u00e9corative. Elle doit \u00eatre adapt\u00e9e pour garantir un confort optimal dans les zones de lavage et de pr\u00e9paration. En m\u00eame temps, elle peut ajouter une touche d\u00e9corative, comme avec des niches \u00e9clair\u00e9es. Il est important de choisir un luminaire d&rsquo;ambiance pour unifier l&rsquo;\u00e9clairage dans la pi\u00e8ce et la rendre plus agr\u00e9able \u00e0 l&rsquo;\u0153il.<\/p>\n<p><strong>2- Des solutions int\u00e9gr\u00e9es et variables<br \/>\n<\/strong>L&rsquo;am\u00e9nagement de la cuisine permet souvent d&rsquo;int\u00e9grer l&rsquo;\u00e9clairage aux meubles. En g\u00e9n\u00e9ral, il y a des luminaires en dessous pour \u00e9viter les zones d&rsquo;ombre. Cette implantation convient \u00e0 l&rsquo;installation d&rsquo;un \u00e9clairage cibl\u00e9 et discret. Profiter d&rsquo;une lumi\u00e8re adapt\u00e9e sans voir les luminaires ajoute une convivialit\u00e9 suppl\u00e9mentaire \u00e0 la cuisine. Il y a un vrai travail sur l&rsquo;accessibilit\u00e9 de certaines solutions d&rsquo;\u00e9clairage pour am\u00e9liorer cette convivialit\u00e9. Les interrupteurs avec variateurs sont l&rsquo;id\u00e9al pour les cuisines avec des besoins de lumi\u00e8re vari\u00e9s. Ils permettent de r\u00e9gler l&rsquo;intensit\u00e9 de la lumi\u00e8re de 2700 \u00e0 6000 Kelvin pour cr\u00e9er l&rsquo;ambiance souhait\u00e9e. Avec la possibilit\u00e9 de g\u00e9rer l&rsquo;intensit\u00e9 de la lumi\u00e8re, il est possible d&rsquo;ajuster la luminosit\u00e9 le matin en arrivant dans la cuisine ou le soir pour plus de calme.<\/p>\n<p><strong>3- Ne pas oublier l&rsquo;\u00e9clairage de votre cuisine<br \/>\n<\/strong>Le plafond peut \u00eatre optimis\u00e9 pour un \u00e9clairage performant et agr\u00e9able avec des options de luminaires telles que les spots ou suspensions. Le plafond peut \u00eatre utilis\u00e9 pour \u00e9clairer votre cuisine afin de cr\u00e9er un espace accueillant, il est int\u00e9ressant de combiner diff\u00e9rents types d&rsquo;\u00e9clairage et de les disperser dans la pi\u00e8ce. Les appliques peuvent ajouter une ambiance conviviale \u00e0 la cuisine. Avoir une combinaison de plusieurs sources de lumi\u00e8re \u00e0 diff\u00e9rents endroits peut \u00eatre tr\u00e8s joli et apporter un charme suppl\u00e9mentaire \u00e0 votre cuisine.\u00a0<strong><br \/>\n<\/strong><\/p>\n<p>La Maison Origami.<\/p>\n<\/div><\/div><style type=\"text\/css\">.fusion-body .fusion-builder-column-0{width:100% !important;margin-top : 0px;margin-bottom : 0px;}.fusion-builder-column-0 > .fusion-column-wrapper {padding-top : 0px !important;padding-right : 0px !important;margin-right : 1.92%;padding-bottom : 0px !important;padding-left : 0px !important;margin-left : 1.92%;}@media only screen and (max-width:1024px) {.fusion-body .fusion-builder-column-0{width:100% !important;order : 0;}.fusion-builder-column-0 > .fusion-column-wrapper {margin-right : 1.92%;margin-left : 1.92%;}}@media only screen and (max-width:640px) {.fusion-body .fusion-builder-column-0{width:100% !important;order : 0;}.fusion-builder-column-0 > .fusion-column-wrapper {margin-right : 1.92%;margin-left : 1.92%;}}<\/style><\/div><\/div><style type=\"text\/css\">.fusion-body .fusion-flex-container.fusion-builder-row-1{ padding-top : 0px;margin-top : 0px;padding-right : 0px;padding-bottom : 0px;margin-bottom : 0px;padding-left : 0px;}<\/style><\/div>\n","protected":false},"excerpt":{"rendered":"","protected":false},"author":1,"featured_media":0,"parent":0,"menu_order":0,"comment_status":"closed","ping_status":"closed","template":"","meta":{"footnotes":""},"class_list":["post-2050","page","type-page","status-publish","hentry"],"acf":[],"_links":{"self":[{"href":"https:\/\/www.lamaison-origami.fr\/index.php\/wp-json\/wp\/v2\/pages\/2050","targetHints":{"allow":["GET"]}}],"collection":[{"href":"https:\/\/www.lamaison-origami.fr\/index.php\/wp-json\/wp\/v2\/pages"}],"about":[{"href":"https:\/\/www.lamaison-origami.fr\/index.php\/wp-json\/wp\/v2\/types\/page"}],"author":[{"embeddable":true,"href":"https:\/\/www.lamaison-origami.fr\/index.php\/wp-json\/wp\/v2\/users\/1"}],"replies":[{"embeddable":true,"href":"https:\/\/www.lamaison-origami.fr\/index.php\/wp-json\/wp\/v2\/comments?post=2050"}],"version-history":[{"count":3,"href":"https:\/\/www.lamaison-origami.fr\/index.php\/wp-json\/wp\/v2\/pages\/2050\/revisions"}],"predecessor-version":[{"id":2054,"href":"https:\/\/www.lamaison-origami.fr\/index.php\/wp-json\/wp\/v2\/pages\/2050\/revisions\/2054"}],"wp:attachment":[{"href":"https:\/\/www.lamaison-origami.fr\/index.php\/wp-json\/wp\/v2\/media?parent=2050"}],"curies":[{"name":"wp","href":"https:\/\/api.w.org\/{rel}","templated":true}]}}